{"id":18861,"date":"2017-12-04T11:30:25","date_gmt":"2017-12-04T11:30:25","guid":{"rendered":"https:\/\/preprod.bernaqua.com\/water-quality\/"},"modified":"2025-02-11T03:22:12","modified_gmt":"2025-02-11T03:22:12","slug":"calidad-del-agua","status":"publish","type":"page","link":"https:\/\/www.bernaqua.com\/es\/calidad-del-agua\/","title":{"rendered":"Calidad del agua"},"content":{"rendered":"<div class=\"wpb-content-wrapper\"><p>[vc_row row_type=&#8221;parallax&#8221; parallax_content_width=&#8221;in_grid&#8221; text_align=&#8221;left&#8221; full_screen_section_height=&#8221;no&#8221; background_image=&#8221;2353&#8243; section_height=&#8221;600&#8243;][vc_column][vc_empty_space height=&#8221;200px&#8221;]<div id=\"mpc_textblock-2269f015ef56fe7\" class=\"mpc-textblock mpc-init mpc-typography--preset_8 \"><h1><\/h1>\n<h1 style=\"text-align: center;\">CALIDAD DEL AGUA<\/h1>\n<\/div><div id=\"mpc_textblock-169f015ef570d6\" class=\"mpc-textblock mpc-init mpc-typography--preset_1 \"><h1 style=\"text-align: center;\">Condiciones de vida en los criaderos<\/h1>\n<h2><\/h2>\n<\/div>[vc_empty_space][\/vc_column][\/vc_row][vc_row row_type=&#8221;parallax&#8221; parallax_content_width=&#8221;in_grid&#8221; text_align=&#8221;left&#8221; full_screen_section_height=&#8221;no&#8221;][vc_column width=&#8221;1\/6&#8243;][\/vc_column][vc_column width=&#8221;2\/3&#8243;][vc_empty_space height=&#8221;70px&#8221;][vc_column_text]<\/p>\n<div class=\"vc_row wpb_row section vc_row-fluid grid_section mpc-row\">\n<div class=\" section_inner clearfix\">\n<div class=\"section_inner_margin clearfix\">\n<div class=\"wpb_column vc_column_container vc_col-sm-8 mpc-column\" data-column-id=\"mpc_column-825a20111a1d1c2\">\n<div class=\"vc_column-inner \">\n<div class=\"wpb_wrapper\">\n<div class=\"q_elements_holder one_column responsive_mode_from_768\">\n<div class=\"q_elements_item\" data-animation=\"no\">\n<div class=\"q_elements_item_inner\">\n<div class=\"q_elements_item_content q_elements_holder_custom_171318\">\n<div class=\"wpb_text_column wpb_content_element \">\n<div class=\"wpb_wrapper\">\n<h2>Factores ambientales que afectan la salud de los peces y camarones<\/h2>\n<\/div>\n<div class=\"wpb_wrapper\">\n<p>La salud de los peces y camarones en los criaderos puede verse afectada por varios agentes bi\u00f3ticos y abi\u00f3ticos en su entorno. Muchos organismos infecciosos como bacterias, hongos, virus o par\u00e1sitos pueden causar enfermedades a sus organismos cultivados. Los factores externos, incluyendo las condiciones ambientales y el agua, son los componentes principales que puede comprometer la salud del organismo.<\/p>\n<\/div>\n<\/div>\n<\/div>\n<\/div>\n<\/div>\n<\/div>\n<\/div>\n<\/div>\n<\/div>\n<\/div>\n<\/div>\n<\/div>\n<p>[\/vc_column_text][vc_empty_space height=&#8221;10px&#8221;][vc_separator type=&#8221;normal&#8221; color=&#8221;#ededed&#8221; thickness=&#8221;5&#8243; up=&#8221;5px&#8221; down=&#8221;5px&#8221;][\/vc_column][vc_column width=&#8221;1\/6&#8243;][\/vc_column][\/vc_row][vc_row css_animation=&#8221;&#8221; row_type=&#8221;row&#8221; use_row_as_full_screen_section=&#8221;no&#8221; type=&#8221;full_width&#8221; angled_section=&#8221;no&#8221; text_align=&#8221;left&#8221; background_image_as_pattern=&#8221;without_pattern&#8221;][vc_column width=&#8221;1\/6&#8243;][\/vc_column][vc_column width=&#8221;2\/3&#8243;]<blockquote class=' with_quote_icon' style=''><i class='fa fa-quote-right' style=''><\/i><h5 class='blockquote-text' style=''>La tarea principal en la acuicultura es mantener las condiciones de calidad del agua dentro de los niveles ideales para las especies que se cultivan.<\/h5><\/blockquote>[\/vc_column][vc_column width=&#8221;1\/6&#8243;][\/vc_column][\/vc_row][vc_row row_type=&#8221;parallax&#8221; parallax_content_width=&#8221;full_width&#8221; text_align=&#8221;left&#8221; full_screen_section_height=&#8221;no&#8221; background_image=&#8221;2489&#8243; section_height=&#8221;500&#8243;][vc_column][\/vc_column][\/vc_row][vc_row row_type=&#8221;parallax&#8221; parallax_content_width=&#8221;in_grid&#8221; text_align=&#8221;left&#8221; full_screen_section_height=&#8221;no&#8221;][vc_column width=&#8221;1\/6&#8243;][\/vc_column][vc_column width=&#8221;2\/3&#8243;][vc_empty_space]<blockquote class=' with_quote_icon' style=''><i class='fa fa-quote-right' style=''><\/i><h5 class='blockquote-text' style=''>La calidad del agua tiene un impacto significativo en su producci\u00f3n, por lo que merece su atenci\u00f3n particular.<\/h5><\/blockquote>[vc_empty_space height=&#8221;10px&#8221;]<div id=\"mpc_textblock-9369f015ef5741a\" class=\"mpc-textblock mpc-init \"><p>Para obtener buenas tasas de crecimiento y supervivencia, los peces y camarones deben cultivarse en las condiciones \u00f3ptimas del agua. Una buena calidad del agua minimiza el riesgo de deficiencias en el cultivo. El manejo bacteriano es esencial para controlar el exceso de pat\u00f3genos y agentes t\u00f3xicos, que pueden da\u00f1ar significativamente su rendimiento de producci\u00f3n.<\/p>\n<\/div>[vc_empty_space height=&#8221;20px&#8221;][\/vc_column][vc_column width=&#8221;1\/6&#8243;][\/vc_column][\/vc_row][vc_row row_type=&#8221;parallax&#8221; parallax_content_width=&#8221;in_grid&#8221; text_align=&#8221;left&#8221; full_screen_section_height=&#8221;no&#8221;][vc_column width=&#8221;1\/6&#8243;][\/vc_column][vc_column width=&#8221;2\/3&#8243;][vc_empty_space]<div id=\"mpc_textblock-8169f015ef5749c\" class=\"mpc-textblock mpc-init \"><div id=\"mpc_textblock-655a577e093ef74\" class=\"mpc-textblock mpc-inited\">\n<p>BactoSafe es un complejo concentrado de bacterias vivas especialmente seleccionado para mejorar la salud de los peces y camarones mediante el control de las comunidades bacterianas pat\u00f3genas y excesivas en el sistema de producci\u00f3n.<\/p>\n<p>Regulando el ambiente microbiano, Bactosafe permite el establecimiento de condiciones de agua saludables y ayuda a mejorar la relaci\u00f3n de conversi\u00f3n alimenticia y, por lo tanto, aumenta el rendimiento general de los organismos cultivados.<\/p>\n<\/div>\n<\/div>[vc_empty_space height=&#8221;20px&#8221;][\/vc_column][vc_column width=&#8221;1\/6&#8243;][\/vc_column][\/vc_row][vc_row css_animation=&#8221;&#8221; row_type=&#8221;row&#8221; use_row_as_full_screen_section=&#8221;no&#8221; type=&#8221;grid&#8221; angled_section=&#8221;no&#8221; text_align=&#8221;left&#8221; background_image_as_pattern=&#8221;without_pattern&#8221; anchor=&#8221;artemia&#8221; background_color=&#8221;#ffffff&#8221; padding_top=&#8221;20&#8243; padding_bottom=&#8221;20&#8243;][vc_column][vc_empty_space height=&#8221;10px&#8221;]<div class='cover_boxes' data-active-element='1'><ul class='clearfix'><li><div class='box'><a itemprop='url' class='thumb' href='https:\/\/www.bernaqua.com\/es\/bactosafe-s-es\/' target='_self'><img itemprop='image' alt='BACTOSAFE S' src='https:\/\/www.bernaqua.com\/wp-content\/uploads\/BERNAQUA-Label-Fish-PROBIOTICS-BACTOSAFE-S.png' \/><\/a><div class='box_content'><h3  style='color:#7badc4''>BACTOSAFE S<\/h3><p  style='color:#555555''>Seleccionado para tratar el suelo de los estanques<\/p><a itemprop='url' class='qbutton tiny' href='https:\/\/www.bernaqua.com\/es\/bactosafe-s-es\/' target='_self'>M\u00c1S INFORMACI\u00d3N<\/a><\/div><\/div><\/li><li><div class='box'><a itemprop='url' class='thumb' href='https:\/\/www.bernaqua.com\/es\/bactosafe-h-es\/' target='_self'><img itemprop='image' alt='BACTOSAFE H' src='https:\/\/www.bernaqua.com\/wp-content\/uploads\/BERNAQUA-Label-Fish-PROBIOTICS-BACTOSAFE-H.png' \/><\/a><div class='box_content'><h3  style='color:#7badc4''>BACTOSAFE H<\/h3><p  style='color:#555555''>Para la regulaci\u00f3n del ecosistema bacteriano en el agua de cultivo.<\/p><a itemprop='url' class='qbutton tiny' href='https:\/\/www.bernaqua.com\/es\/bactosafe-h-es\/' target='_self'>M\u00c1S INFORMACI\u00d3N<\/a><\/div><\/div><\/li><li><div class='box'><a itemprop='url' class='thumb' href='https:\/\/www.bernaqua.com\/es\/bactosafe-p-es\/' target='_self'><img itemprop='image' alt='BACTOSAFE P' src='https:\/\/www.bernaqua.com\/wp-content\/uploads\/BERNAQUA-Label-Fish-PROBIOTICS-BACTOSAFE-P.png' \/><\/a><div class='box_content'><h3  style='color:#7badc4''>BACTOSAFE P<\/h3><p  style='color:#555555''>Para la regulaci\u00f3n del ecosistema bacteriano en el agua de cultivo de los estanques.<\/p><a itemprop='url' class='qbutton tiny' href='https:\/\/www.bernaqua.com\/es\/bactosafe-p-es\/' target='_self'>M\u00c1S INFORMACI\u00d3N<\/a><\/div><\/div><\/li><\/ul><\/div>[\/vc_column][\/vc_row][vc_row row_type=&#8221;parallax&#8221; parallax_content_width=&#8221;full_width&#8221; text_align=&#8221;left&#8221; full_screen_section_height=&#8221;no&#8221; background_image=&#8221;2494&#8243; section_height=&#8221;500&#8243;][vc_column][\/vc_column][\/vc_row]<\/p>\n<\/div>","protected":false},"excerpt":{"rendered":"<p>[vc_row row_type=&#8221;parallax&#8221; parallax_content_width=&#8221;in_grid&#8221; text_align=&#8221;left&#8221; full_screen_section_height=&#8221;no&#8221; background_image=&#8221;2353&#8243; section_height=&#8221;600&#8243;][vc_column][vc_empty_space height=&#8221;200px&#8221;][vc_empty_space][\/vc_column][\/vc_row][vc_row row_type=&#8221;parallax&#8221; parallax_content_width=&#8221;in_grid&#8221; text_align=&#8221;left&#8221; full_screen_section_height=&#8221;no&#8221;][vc_column width=&#8221;1\/6&#8243;][\/vc_column][vc_column width=&#8221;2\/3&#8243;][vc_empty_space height=&#8221;70px&#8221;][vc_column_text] Factores ambientales que afectan la salud de los peces y camarones La salud de los peces y camarones en los criaderos puede verse afectada por varios agentes bi\u00f3ticos y abi\u00f3ticos<\/p>\n","protected":false},"author":7,"featured_media":0,"parent":0,"menu_order":0,"comment_status":"closed","ping_status":"closed","template":"full_width.php","meta":{"footnotes":""},"class_list":["post-18861","page","type-page","status-publish","hentry"],"yoast_head":"<!-- This site is optimized with the Yoast SEO plugin v27.4 - https:\/\/yoast.com\/product\/yoast-seo-wordpress\/ -->\n<title>Water Quality - fish and shrimp living conditions I BernAqua<\/title>\n<meta name=\"description\" content=\"Environment is an important part of fish and shrimp health, so living conditions need to be carefully controlled. Learn more about aqua environment.\" \/>\n<meta name=\"robots\" content=\"index, follow, max-snippet:-1, max-image-preview:large, max-video-preview:-1\" \/>\n<link rel=\"canonical\" href=\"https:\/\/www.bernaqua.com\/es\/calidad-del-agua\/\" \/>\n<meta property=\"og:locale\" content=\"es_ES\" \/>\n<meta property=\"og:type\" content=\"article\" \/>\n<meta property=\"og:title\" content=\"Water Quality - fish and shrimp living conditions I BernAqua\" \/>\n<meta property=\"og:description\" content=\"Environment is an important part of fish and shrimp health, so living conditions need to be carefully controlled. Learn more about aqua environment.\" \/>\n<meta property=\"og:url\" content=\"https:\/\/www.bernaqua.com\/es\/calidad-del-agua\/\" \/>\n<meta property=\"og:site_name\" content=\"Bern Aqua\" \/>\n<meta property=\"article:publisher\" content=\"https:\/\/www.facebook.com\/Bernaqua.international\" \/>\n<meta property=\"article:modified_time\" content=\"2025-02-11T03:22:12+00:00\" \/>\n<meta property=\"og:image\" content=\"https:\/\/www.bernaqua.com\/wp-content\/uploads\/Picture2-1.jpg\" \/>\n\t<meta property=\"og:image:width\" content=\"1200\" \/>\n\t<meta property=\"og:image:height\" content=\"627\" \/>\n\t<meta property=\"og:image:type\" content=\"image\/jpeg\" \/>\n<meta name=\"twitter:card\" content=\"summary_large_image\" \/>\n<meta name=\"twitter:label1\" content=\"Tiempo de lectura\" \/>\n\t<meta name=\"twitter:data1\" content=\"3 minutos\" \/>\n<script type=\"application\/ld+json\" class=\"yoast-schema-graph\">{\"@context\":\"https:\\\/\\\/schema.org\",\"@graph\":[{\"@type\":\"WebPage\",\"@id\":\"https:\\\/\\\/www.bernaqua.com\\\/es\\\/calidad-del-agua\\\/\",\"url\":\"https:\\\/\\\/www.bernaqua.com\\\/es\\\/calidad-del-agua\\\/\",\"name\":\"Water Quality - fish and shrimp living conditions I BernAqua\",\"isPartOf\":{\"@id\":\"https:\\\/\\\/www.bernaqua.com\\\/#website\"},\"datePublished\":\"2017-12-04T11:30:25+00:00\",\"dateModified\":\"2025-02-11T03:22:12+00:00\",\"description\":\"Environment is an important part of fish and shrimp health, so living conditions need to be carefully controlled. Learn more about aqua environment.\",\"breadcrumb\":{\"@id\":\"https:\\\/\\\/www.bernaqua.com\\\/es\\\/calidad-del-agua\\\/#breadcrumb\"},\"inLanguage\":\"es\",\"potentialAction\":[{\"@type\":\"ReadAction\",\"target\":[\"https:\\\/\\\/www.bernaqua.com\\\/es\\\/calidad-del-agua\\\/\"]}]},{\"@type\":\"BreadcrumbList\",\"@id\":\"https:\\\/\\\/www.bernaqua.com\\\/es\\\/calidad-del-agua\\\/#breadcrumb\",\"itemListElement\":[{\"@type\":\"ListItem\",\"position\":1,\"name\":\"Home\",\"item\":\"https:\\\/\\\/www.bernaqua.com\\\/es\\\/\"},{\"@type\":\"ListItem\",\"position\":2,\"name\":\"Calidad del agua\"}]},{\"@type\":\"WebSite\",\"@id\":\"https:\\\/\\\/www.bernaqua.com\\\/#website\",\"url\":\"https:\\\/\\\/www.bernaqua.com\\\/\",\"name\":\"Bern Aqua\",\"description\":\"Finest Hatchery Feeds\",\"potentialAction\":[{\"@type\":\"SearchAction\",\"target\":{\"@type\":\"EntryPoint\",\"urlTemplate\":\"https:\\\/\\\/www.bernaqua.com\\\/?s={search_term_string}\"},\"query-input\":{\"@type\":\"PropertyValueSpecification\",\"valueRequired\":true,\"valueName\":\"search_term_string\"}}],\"inLanguage\":\"es\"}]}<\/script>\n<!-- \/ Yoast SEO plugin. -->","yoast_head_json":{"title":"Water Quality - fish and shrimp living conditions I BernAqua","description":"Environment is an important part of fish and shrimp health, so living conditions need to be carefully controlled. Learn more about aqua environment.","robots":{"index":"index","follow":"follow","max-snippet":"max-snippet:-1","max-image-preview":"max-image-preview:large","max-video-preview":"max-video-preview:-1"},"canonical":"https:\/\/www.bernaqua.com\/es\/calidad-del-agua\/","og_locale":"es_ES","og_type":"article","og_title":"Water Quality - fish and shrimp living conditions I BernAqua","og_description":"Environment is an important part of fish and shrimp health, so living conditions need to be carefully controlled. Learn more about aqua environment.","og_url":"https:\/\/www.bernaqua.com\/es\/calidad-del-agua\/","og_site_name":"Bern Aqua","article_publisher":"https:\/\/www.facebook.com\/Bernaqua.international","article_modified_time":"2025-02-11T03:22:12+00:00","og_image":[{"width":1200,"height":627,"url":"https:\/\/www.bernaqua.com\/wp-content\/uploads\/Picture2-1.jpg","type":"image\/jpeg"}],"twitter_card":"summary_large_image","twitter_misc":{"Tiempo de lectura":"3 minutos"},"schema":{"@context":"https:\/\/schema.org","@graph":[{"@type":"WebPage","@id":"https:\/\/www.bernaqua.com\/es\/calidad-del-agua\/","url":"https:\/\/www.bernaqua.com\/es\/calidad-del-agua\/","name":"Water Quality - fish and shrimp living conditions I BernAqua","isPartOf":{"@id":"https:\/\/www.bernaqua.com\/#website"},"datePublished":"2017-12-04T11:30:25+00:00","dateModified":"2025-02-11T03:22:12+00:00","description":"Environment is an important part of fish and shrimp health, so living conditions need to be carefully controlled. Learn more about aqua environment.","breadcrumb":{"@id":"https:\/\/www.bernaqua.com\/es\/calidad-del-agua\/#breadcrumb"},"inLanguage":"es","potentialAction":[{"@type":"ReadAction","target":["https:\/\/www.bernaqua.com\/es\/calidad-del-agua\/"]}]},{"@type":"BreadcrumbList","@id":"https:\/\/www.bernaqua.com\/es\/calidad-del-agua\/#breadcrumb","itemListElement":[{"@type":"ListItem","position":1,"name":"Home","item":"https:\/\/www.bernaqua.com\/es\/"},{"@type":"ListItem","position":2,"name":"Calidad del agua"}]},{"@type":"WebSite","@id":"https:\/\/www.bernaqua.com\/#website","url":"https:\/\/www.bernaqua.com\/","name":"Bern Aqua","description":"Finest Hatchery Feeds","potentialAction":[{"@type":"SearchAction","target":{"@type":"EntryPoint","urlTemplate":"https:\/\/www.bernaqua.com\/?s={search_term_string}"},"query-input":{"@type":"PropertyValueSpecification","valueRequired":true,"valueName":"search_term_string"}}],"inLanguage":"es"}]}},"_links":{"self":[{"href":"https:\/\/www.bernaqua.com\/es\/wp-json\/wp\/v2\/pages\/18861","targetHints":{"allow":["GET"]}}],"collection":[{"href":"https:\/\/www.bernaqua.com\/es\/wp-json\/wp\/v2\/pages"}],"about":[{"href":"https:\/\/www.bernaqua.com\/es\/wp-json\/wp\/v2\/types\/page"}],"author":[{"embeddable":true,"href":"https:\/\/www.bernaqua.com\/es\/wp-json\/wp\/v2\/users\/7"}],"replies":[{"embeddable":true,"href":"https:\/\/www.bernaqua.com\/es\/wp-json\/wp\/v2\/comments?post=18861"}],"version-history":[{"count":5,"href":"https:\/\/www.bernaqua.com\/es\/wp-json\/wp\/v2\/pages\/18861\/revisions"}],"predecessor-version":[{"id":21158,"href":"https:\/\/www.bernaqua.com\/es\/wp-json\/wp\/v2\/pages\/18861\/revisions\/21158"}],"wp:attachment":[{"href":"https:\/\/www.bernaqua.com\/es\/wp-json\/wp\/v2\/media?parent=18861"}],"curies":[{"name":"wp","href":"https:\/\/api.w.org\/{rel}","templated":true}]}}