{"id":18857,"date":"2017-11-29T13:17:47","date_gmt":"2017-11-29T13:17:47","guid":{"rendered":"https:\/\/preprod.bernaqua.com\/research-and-innovation\/"},"modified":"2022-12-21T11:42:16","modified_gmt":"2022-12-21T11:42:16","slug":"investigacion-e-innovacion","status":"publish","type":"page","link":"https:\/\/www.bernaqua.com\/es\/investigacion-e-innovacion\/","title":{"rendered":"Investigaci\u00f3n e Innovaci\u00f3n"},"content":{"rendered":"<div class=\"wpb-content-wrapper\"><p>[vc_row row_type=&#8221;parallax&#8221; parallax_content_width=&#8221;in_grid&#8221; text_align=&#8221;left&#8221; full_screen_section_height=&#8221;no&#8221; background_image=&#8221;2150&#8243; section_height=&#8221;600&#8243;][vc_column][vc_empty_space height=&#8221;200px&#8221;]<div id=\"mpc_textblock-1069f0283c2267b\" class=\"mpc-textblock mpc-init mpc-typography--preset_8 \"><h1><\/h1>\n<h1>INVESTIGACI\u00d3N e INNOVACI\u00d3N<\/h1>\n<\/div>[vc_empty_space height=&#8221;20px&#8221;]<div id=\"mpc_textblock-7069f0283c22771\" class=\"mpc-textblock mpc-init mpc-typography--preset_1 \"><h2 style=\"text-align: center;\">EN EL CORAZ\u00d3N DE NUESTRA ESTRATEGIA<\/h2>\n<\/div>[vc_empty_space][\/vc_column][\/vc_row][vc_row row_type=&#8221;parallax&#8221; parallax_content_width=&#8221;in_grid&#8221; text_align=&#8221;left&#8221; full_screen_section_height=&#8221;no&#8221;][vc_column][vc_empty_space]<blockquote class=' with_quote_icon' style='width: 70%%;background-color: #ffffff;'><i class='fa fa-quote-right' style=''><\/i><h5 class='blockquote-text' style='color: #555555; line-height: 30pxpx;'>Desde 2018, BernAqua ha pasado a formar parte de ADM, especialista internacional en nutrici\u00f3n y salud animal con un enfoque particular en la investigaci\u00f3n y la innovaci\u00f3n.<\/h5><\/blockquote>[\/vc_column][\/vc_row][vc_row css_animation=&#8221;&#8221; row_type=&#8221;row&#8221; use_row_as_full_screen_section=&#8221;no&#8221; type=&#8221;grid&#8221; angled_section=&#8221;no&#8221; text_align=&#8221;left&#8221; background_image_as_pattern=&#8221;without_pattern&#8221;][vc_column width=&#8221;1\/2&#8243;][vc_empty_space][vc_column_text]Esta nueva estructura garantiza a BernAqua un desarrollo a largo plazo, una investigaci\u00f3n din\u00e1mica de la innovaci\u00f3n, as\u00ed como una continua evaluaci\u00f3n de campo de nuestra cartera de productos \u00fanica. ADM quiere posicionarse entre las empresas m\u00e1s innovadoras en el campo de la nutrici\u00f3n y la salud animal, por lo que el Grupo ha optado por situar la innovaci\u00f3n en el centro de su estrategia. La adaptabilidad, la flexibilidad y la capacidad de respuesta son, por lo tanto, los principales pilares de nuestro enfoque innovador.<\/p>\n<p>El centro de innovaci\u00f3n construido en Breta\u00f1a (Francia) ha cambiado la forma en que ADM lleva a cabo su trabajo. Se han firmado muchas asociaciones con institutos de investigaci\u00f3n, universidades y proveedores. El enfoque sin\u00e9rgico que involucra a varios departamentos permitir\u00e1 a los expertos de ADM trabajar juntos bajo un objetivo com\u00fan.[\/vc_column_text][vc_empty_space][\/vc_column][vc_column width=&#8221;1\/2&#8243;][vc_empty_space][vc_single_image image=&#8221;2073&#8243; img_size=&#8221;large&#8221; alignment=&#8221;center&#8221; qode_css_animation=&#8221;&#8221;][vc_empty_space][\/vc_column][\/vc_row][vc_row css_animation=&#8221;&#8221; row_type=&#8221;row&#8221; use_row_as_full_screen_section=&#8221;no&#8221; type=&#8221;grid&#8221; angled_section=&#8221;no&#8221; text_align=&#8221;left&#8221; background_image_as_pattern=&#8221;without_pattern&#8221; background_color=&#8221;#ffffff&#8221;][vc_column][vc_empty_space height=&#8221;20px&#8221;][vc_column_text]<\/p>\n<h2>Enfoque en las innovaciones acu\u00edcolas<\/h2>\n<p>La alimentaci\u00f3n acu\u00edcola en etapa temprana es una prioridad, pero requiere una experiencia real y un trabajo exhaustivo con una verdadera atenci\u00f3n al detalle.<\/p>\n<p>BernAqua tiene este conocimiento t\u00e9cnico \u00fanico en las etapas de larvas y postlarvas en t\u00e9rminos de insumos nutricionales.<br \/>\nPor lo tanto, la compa\u00f1\u00eda est\u00e1 invirtiendo fuertemente en esta \u00e1rea con muchas posiciones de liderazgo en los mercados claves de Brasil, M\u00e9xico y Vietnam.[\/vc_column_text][vc_empty_space height=&#8221;20px&#8221;][\/vc_column][\/vc_row][vc_row css_animation=&#8221;&#8221; row_type=&#8221;row&#8221; use_row_as_full_screen_section=&#8221;no&#8221; type=&#8221;grid&#8221; angled_section=&#8221;no&#8221; text_align=&#8221;left&#8221; background_image_as_pattern=&#8221;without_pattern&#8221; background_color=&#8221;#ffffff&#8221;][vc_column width=&#8221;1\/2&#8243;][vc_empty_space height=&#8221;20px&#8221;][vc_column_text]<\/p>\n<h2>Biosipec-Cultivo intensivo e intensivo de camar\u00f3n para la etapa de vivero<\/h2>\n<p>BIOSIPEC es un modelo de cultivo de camar\u00f3n de alta tecnolog\u00eda, seguro y sostenible para la etapa de vivero desarrollado por ADM desde 2017 con una sala de exposici\u00f3n en Vietnam. BernAqua particip\u00f3 fuertemente en el desarrollo de este proyecto proporcionando protocolos para la alimentaci\u00f3n y la gesti\u00f3n de la calidad del agua. Nuestra gama de productos de alimentos para vivero como MeM y WeaN y\/o probi\u00f3ticos Bactosafe est\u00e1n perfectamente adaptados al sistema biosipec. P\u00f3ngase en contacto con nuestros expertos para obtener m\u00e1s informaci\u00f3n.[\/vc_column_text][vc_empty_space height=&#8221;20px&#8221;][\/vc_column][vc_column width=&#8221;1\/2&#8243;][vc_empty_space height=&#8221;20px&#8221;][vc_video link=&#8221;https:\/\/www.youtube.com\/watch?v=jloKTGLMW-w&#8221; align=&#8221;center&#8221; title=&#8221;BIOSIPEC &#8211; CULTIVO DE CAMAR\u00d3N INNOVADOR E INTENSIVO&#8221;][\/vc_column][\/vc_row][vc_row css_animation=&#8221;&#8221; row_type=&#8221;row&#8221; use_row_as_full_screen_section=&#8221;no&#8221; type=&#8221;grid&#8221; angled_section=&#8221;no&#8221; text_align=&#8221;left&#8221; background_image_as_pattern=&#8221;without_pattern&#8221; background_color=&#8221;#ffffff&#8221;][vc_column width=&#8221;1\/2&#8243;][vc_empty_space][vc_column_text]<\/p>\n<h2>Las iniciativas en I+D de BernAqua para un alimento premium<\/h2>\n<p>BernAqua est\u00e1 contribuyendo activamente en las iniciativas de I+D en el sector de la acuicultura. ADM Brasil y BernAqua est\u00e1n trabajando juntos para ofrecer a sus clientes nuevas alternativas nutricionales y romper algunos paradigmas de alimentaci\u00f3n.<\/p>\n<p>Se realizaron algunas pruebas en el alimento premium comercial de BernAqua (<i>MeM Prime)\u00a0<\/i>en uno de los criaderos comerciales de tilapia ubicados en Paulo Alfonso, Brasil, que produce 3 millones \/ alevines \/ mes. Las pruebas demostraron que el uso de\u00a0<i>MeM Prime<\/i>\u00a0puede incrementar el peso (gr \/ d\u00eda) en un 50% en promedio, reducir el alimento utilizado por cada Kg de pez producido y disminuir significativamente la tasa de mortalidad (del 37% al 23%).[\/vc_column_text][vc_empty_space]<a href=\"https:\/\/www.bernaqua.com\/mem-prime-the-feeds-able-to-optimize-your-tilapias-production\/\" target=\"_blank\" title=\"Read more about optimize your tilapias production\"  data-id=\"mpc_button-6769f0283c22927\" class=\"mpc-button mpc-init mpc-transition mpc-typography--preset_7 \" ><div class=\"mpc-button__content mpc-effect-type--none mpc-effect-side--none\"><span class=\"mpc-button__title mpc-transition\">Leer m\u00e1s sobre la Granja del Futuro &gt;<\/span><\/div><div class=\"mpc-button__background mpc-transition mpc-effect-type--fade mpc-effect-side--in\"><\/div><\/a>[vc_empty_space][\/vc_column][vc_column width=&#8221;1\/2&#8243;][vc_empty_space][vc_single_image image=&#8221;2809&#8243; img_size=&#8221;full&#8221; alignment=&#8221;center&#8221; qode_css_animation=&#8221;&#8221;][vc_empty_space][\/vc_column][\/vc_row][vc_row css_animation=&#8221;&#8221; row_type=&#8221;row&#8221; use_row_as_full_screen_section=&#8221;no&#8221; type=&#8221;grid&#8221; angled_section=&#8221;no&#8221; text_align=&#8221;left&#8221; background_image_as_pattern=&#8221;without_pattern&#8221; background_color=&#8221;#f9f9f9&#8243;][vc_column width=&#8221;1\/2&#8243;][vc_empty_space][vc_single_image image=&#8221;2265&#8243; img_size=&#8221;full&#8221; alignment=&#8221;center&#8221; qode_css_animation=&#8221;&#8221;][vc_empty_space][\/vc_column][vc_column width=&#8221;1\/2&#8243;][vc_empty_space][vc_column_text]<\/p>\n<h2>Soporte t\u00e9cnico digital: InMyFarm Aqua ayuda a los productores de peces de piscifactor\u00edas<\/h2>\n<p>ADM Group ya ha desarrollado una herramienta para productores de peces de piscifactor\u00eda, que tiene como objetivo optimizar el rendimiento t\u00e9cnico y econ\u00f3mico a trav\u00e9s de la identificaci\u00f3n de los puntos m\u00e1s cr\u00edticos de la granja, propuestas de mejoras y seguimiento constante. El objetivo principal de esta aplicaci\u00f3n de tabletas llamada\u00a0<i>InMyFarm<\/i>\u00a0es ayudar a los productores a gestionar sus granjas acu\u00edcolas de manera m\u00e1s sistem\u00e1tica a trav\u00e9s del an\u00e1lisis de diversos par\u00e1metros, como la calidad del agua, la gesti\u00f3n de la alimentaci\u00f3n o el estado de salud y medio ambiente. Por lo tanto, I<i>nMyFarm<\/i>\u00a0permite a los acuicultores revisar sus propios rendimientos en granjas.<\/p>\n<p>La herramienta se ha utilizado en muchas granjas de peces y camarones, principalmente en Brasil y M\u00e9xico, y logr\u00f3 resultados incre\u00edbles al mejorar la uniformidad de la poblaci\u00f3n de organismos cultivados, aumentar la tasa de crecimiento, acortar los ciclos, mejorar la FCR y, por lo tanto, reducir los costos de producci\u00f3n como un beneficio directo.[\/vc_column_text][vc_empty_space][\/vc_column][\/vc_row][vc_row css_animation=&#8221;&#8221; row_type=&#8221;row&#8221; use_row_as_full_screen_section=&#8221;no&#8221; type=&#8221;full_width&#8221; angled_section=&#8221;no&#8221; text_align=&#8221;left&#8221; background_image_as_pattern=&#8221;without_pattern&#8221; background_color=&#8221;#f9f9f9&#8243;][vc_column width=&#8221;1\/6&#8243;][\/vc_column][vc_column width=&#8221;2\/3&#8243;][vc_empty_space][vc_video link=&#8221;https:\/\/www.youtube.com\/watch?v=v9fTAptUqe0&#8243; align=&#8221;center&#8221; title=&#8221;Discover InMyFarm&#8221;][vc_empty_space][\/vc_column][vc_column width=&#8221;1\/6&#8243;][\/vc_column][\/vc_row]<\/p>\n<\/div>","protected":false},"excerpt":{"rendered":"<p>[vc_row row_type=&#8221;parallax&#8221; parallax_content_width=&#8221;in_grid&#8221; text_align=&#8221;left&#8221; full_screen_section_height=&#8221;no&#8221; background_image=&#8221;2150&#8243; section_height=&#8221;600&#8243;][vc_column][vc_empty_space height=&#8221;200px&#8221;][vc_empty_space height=&#8221;20px&#8221;][vc_empty_space][\/vc_column][\/vc_row][vc_row row_type=&#8221;parallax&#8221; parallax_content_width=&#8221;in_grid&#8221; text_align=&#8221;left&#8221; full_screen_section_height=&#8221;no&#8221;][vc_column][vc_empty_space][\/vc_column][\/vc_row][vc_row css_animation=&#8221;&#8221; row_type=&#8221;row&#8221; use_row_as_full_screen_section=&#8221;no&#8221; type=&#8221;grid&#8221; angled_section=&#8221;no&#8221; text_align=&#8221;left&#8221; background_image_as_pattern=&#8221;without_pattern&#8221;][vc_column width=&#8221;1\/2&#8243;][vc_empty_space][vc_column_text]Esta nueva estructura garantiza a BernAqua un desarrollo a largo plazo, una investigaci\u00f3n din\u00e1mica de la innovaci\u00f3n, as\u00ed como una continua evaluaci\u00f3n de campo de<\/p>\n","protected":false},"author":7,"featured_media":0,"parent":0,"menu_order":0,"comment_status":"closed","ping_status":"closed","template":"full_width.php","meta":{"footnotes":""},"class_list":["post-18857","page","type-page","status-publish","hentry"],"yoast_head":"<!-- This site is optimized with the Yoast SEO plugin v27.4 - https:\/\/yoast.com\/product\/yoast-seo-wordpress\/ -->\n<title>Research and Innovation at the heart of our strategy I BernAqua<\/title>\n<meta name=\"description\" content=\"In 2013, BernAqua became part of Neovia, international specialist in animal nutrition and health truly focused on research and innovation. Read more.\" \/>\n<meta name=\"robots\" content=\"index, follow, max-snippet:-1, max-image-preview:large, max-video-preview:-1\" \/>\n<link rel=\"canonical\" href=\"https:\/\/www.bernaqua.com\/es\/investigacion-e-innovacion\/\" \/>\n<meta property=\"og:locale\" content=\"es_ES\" \/>\n<meta property=\"og:type\" content=\"article\" \/>\n<meta property=\"og:title\" content=\"Research and Innovation at the heart of our strategy I BernAqua\" \/>\n<meta property=\"og:description\" content=\"In 2013, BernAqua became part of Neovia, international specialist in animal nutrition and health truly focused on research and innovation. Read more.\" \/>\n<meta property=\"og:url\" content=\"https:\/\/www.bernaqua.com\/es\/investigacion-e-innovacion\/\" \/>\n<meta property=\"og:site_name\" content=\"Bern Aqua\" \/>\n<meta property=\"article:publisher\" content=\"https:\/\/www.facebook.com\/Bernaqua.international\" \/>\n<meta property=\"article:modified_time\" content=\"2022-12-21T11:42:16+00:00\" \/>\n<meta property=\"og:image\" content=\"https:\/\/www.bernaqua.com\/wp-content\/uploads\/Picture2-1.jpg\" \/>\n\t<meta property=\"og:image:width\" content=\"1200\" \/>\n\t<meta property=\"og:image:height\" content=\"627\" \/>\n\t<meta property=\"og:image:type\" content=\"image\/jpeg\" \/>\n<meta name=\"twitter:card\" content=\"summary_large_image\" \/>\n<meta name=\"twitter:label1\" content=\"Tiempo de lectura\" \/>\n\t<meta name=\"twitter:data1\" content=\"4 minutos\" \/>\n<script type=\"application\/ld+json\" class=\"yoast-schema-graph\">{\"@context\":\"https:\\\/\\\/schema.org\",\"@graph\":[{\"@type\":\"WebPage\",\"@id\":\"https:\\\/\\\/www.bernaqua.com\\\/es\\\/investigacion-e-innovacion\\\/\",\"url\":\"https:\\\/\\\/www.bernaqua.com\\\/es\\\/investigacion-e-innovacion\\\/\",\"name\":\"Research and Innovation at the heart of our strategy I BernAqua\",\"isPartOf\":{\"@id\":\"https:\\\/\\\/www.bernaqua.com\\\/#website\"},\"datePublished\":\"2017-11-29T13:17:47+00:00\",\"dateModified\":\"2022-12-21T11:42:16+00:00\",\"description\":\"In 2013, BernAqua became part of Neovia, international specialist in animal nutrition and health truly focused on research and innovation. Read more.\",\"breadcrumb\":{\"@id\":\"https:\\\/\\\/www.bernaqua.com\\\/es\\\/investigacion-e-innovacion\\\/#breadcrumb\"},\"inLanguage\":\"es\",\"potentialAction\":[{\"@type\":\"ReadAction\",\"target\":[\"https:\\\/\\\/www.bernaqua.com\\\/es\\\/investigacion-e-innovacion\\\/\"]}]},{\"@type\":\"BreadcrumbList\",\"@id\":\"https:\\\/\\\/www.bernaqua.com\\\/es\\\/investigacion-e-innovacion\\\/#breadcrumb\",\"itemListElement\":[{\"@type\":\"ListItem\",\"position\":1,\"name\":\"Home\",\"item\":\"https:\\\/\\\/www.bernaqua.com\\\/es\\\/\"},{\"@type\":\"ListItem\",\"position\":2,\"name\":\"Investigaci\u00f3n e Innovaci\u00f3n\"}]},{\"@type\":\"WebSite\",\"@id\":\"https:\\\/\\\/www.bernaqua.com\\\/#website\",\"url\":\"https:\\\/\\\/www.bernaqua.com\\\/\",\"name\":\"Bern Aqua\",\"description\":\"Finest Hatchery Feeds\",\"potentialAction\":[{\"@type\":\"SearchAction\",\"target\":{\"@type\":\"EntryPoint\",\"urlTemplate\":\"https:\\\/\\\/www.bernaqua.com\\\/?s={search_term_string}\"},\"query-input\":{\"@type\":\"PropertyValueSpecification\",\"valueRequired\":true,\"valueName\":\"search_term_string\"}}],\"inLanguage\":\"es\"}]}<\/script>\n<!-- \/ Yoast SEO plugin. -->","yoast_head_json":{"title":"Research and Innovation at the heart of our strategy I BernAqua","description":"In 2013, BernAqua became part of Neovia, international specialist in animal nutrition and health truly focused on research and innovation. Read more.","robots":{"index":"index","follow":"follow","max-snippet":"max-snippet:-1","max-image-preview":"max-image-preview:large","max-video-preview":"max-video-preview:-1"},"canonical":"https:\/\/www.bernaqua.com\/es\/investigacion-e-innovacion\/","og_locale":"es_ES","og_type":"article","og_title":"Research and Innovation at the heart of our strategy I BernAqua","og_description":"In 2013, BernAqua became part of Neovia, international specialist in animal nutrition and health truly focused on research and innovation. Read more.","og_url":"https:\/\/www.bernaqua.com\/es\/investigacion-e-innovacion\/","og_site_name":"Bern Aqua","article_publisher":"https:\/\/www.facebook.com\/Bernaqua.international","article_modified_time":"2022-12-21T11:42:16+00:00","og_image":[{"width":1200,"height":627,"url":"https:\/\/www.bernaqua.com\/wp-content\/uploads\/Picture2-1.jpg","type":"image\/jpeg"}],"twitter_card":"summary_large_image","twitter_misc":{"Tiempo de lectura":"4 minutos"},"schema":{"@context":"https:\/\/schema.org","@graph":[{"@type":"WebPage","@id":"https:\/\/www.bernaqua.com\/es\/investigacion-e-innovacion\/","url":"https:\/\/www.bernaqua.com\/es\/investigacion-e-innovacion\/","name":"Research and Innovation at the heart of our strategy I BernAqua","isPartOf":{"@id":"https:\/\/www.bernaqua.com\/#website"},"datePublished":"2017-11-29T13:17:47+00:00","dateModified":"2022-12-21T11:42:16+00:00","description":"In 2013, BernAqua became part of Neovia, international specialist in animal nutrition and health truly focused on research and innovation. Read more.","breadcrumb":{"@id":"https:\/\/www.bernaqua.com\/es\/investigacion-e-innovacion\/#breadcrumb"},"inLanguage":"es","potentialAction":[{"@type":"ReadAction","target":["https:\/\/www.bernaqua.com\/es\/investigacion-e-innovacion\/"]}]},{"@type":"BreadcrumbList","@id":"https:\/\/www.bernaqua.com\/es\/investigacion-e-innovacion\/#breadcrumb","itemListElement":[{"@type":"ListItem","position":1,"name":"Home","item":"https:\/\/www.bernaqua.com\/es\/"},{"@type":"ListItem","position":2,"name":"Investigaci\u00f3n e Innovaci\u00f3n"}]},{"@type":"WebSite","@id":"https:\/\/www.bernaqua.com\/#website","url":"https:\/\/www.bernaqua.com\/","name":"Bern Aqua","description":"Finest Hatchery Feeds","potentialAction":[{"@type":"SearchAction","target":{"@type":"EntryPoint","urlTemplate":"https:\/\/www.bernaqua.com\/?s={search_term_string}"},"query-input":{"@type":"PropertyValueSpecification","valueRequired":true,"valueName":"search_term_string"}}],"inLanguage":"es"}]}},"_links":{"self":[{"href":"https:\/\/www.bernaqua.com\/es\/wp-json\/wp\/v2\/pages\/18857","targetHints":{"allow":["GET"]}}],"collection":[{"href":"https:\/\/www.bernaqua.com\/es\/wp-json\/wp\/v2\/pages"}],"about":[{"href":"https:\/\/www.bernaqua.com\/es\/wp-json\/wp\/v2\/types\/page"}],"author":[{"embeddable":true,"href":"https:\/\/www.bernaqua.com\/es\/wp-json\/wp\/v2\/users\/7"}],"replies":[{"embeddable":true,"href":"https:\/\/www.bernaqua.com\/es\/wp-json\/wp\/v2\/comments?post=18857"}],"version-history":[{"count":4,"href":"https:\/\/www.bernaqua.com\/es\/wp-json\/wp\/v2\/pages\/18857\/revisions"}],"predecessor-version":[{"id":19227,"href":"https:\/\/www.bernaqua.com\/es\/wp-json\/wp\/v2\/pages\/18857\/revisions\/19227"}],"wp:attachment":[{"href":"https:\/\/www.bernaqua.com\/es\/wp-json\/wp\/v2\/media?parent=18857"}],"curies":[{"name":"wp","href":"https:\/\/api.w.org\/{rel}","templated":true}]}}