{"id":18074,"date":"2017-10-24T11:48:50","date_gmt":"2017-10-24T11:48:50","guid":{"rendered":"https:\/\/preprod.bernaqua.com\/home\/"},"modified":"2022-12-21T11:38:54","modified_gmt":"2022-12-21T11:38:54","slug":"home","status":"publish","type":"page","link":"https:\/\/www.bernaqua.com\/es\/","title":{"rendered":"Home"},"content":{"rendered":"<div class=\"wpb-content-wrapper\"><p>[vc_row css_animation=&#8221;&#8221; row_type=&#8221;row&#8221; use_row_as_full_screen_section=&#8221;no&#8221; type=&#8221;grid&#8221; angled_section=&#8221;no&#8221; text_align=&#8221;left&#8221; background_image_as_pattern=&#8221;without_pattern&#8221; background_color=&#8221;#ffffff&#8221; css=&#8221;.vc_custom_1509007676921{background-position: center !important;background-repeat: no-repeat !important;background-size: cover !important;}&#8221;][vc_column css=&#8221;.vc_custom_1509002560853{background-position: center !important;background-repeat: no-repeat !important;background-size: cover !important;}&#8221;][qode_elements_holder number_of_columns=&#8221;one_column&#8221;][qode_elements_holder_item advanced_animations=&#8221;no&#8221; item_padding=&#8221;5% 20.7% 5% 20.5%&#8221; item_padding_1024_1280=&#8221;10% 19.3% 11.5% 18%&#8221; item_padding_600_768=&#8221;7.5% 17.7% 11.5% 16%&#8221; item_padding_480_600=&#8221;7% 17% 11.5% 16%&#8221; item_padding_480=&#8221;3% 16.7% 11.5% 16%&#8221;][vc_column_text]<\/p>\n<h1><span style=\"color: #333333;\"><strong>ALIMENTOS PARA PECES Y CAMARONES<\/strong><\/span><\/h1>\n<p>[\/vc_column_text][vc_empty_space height=&#8221;40px&#8221;][vc_column_text]<strong>BernAqua se posiciona como uno de los principales proveedores de piensos de incubaci\u00f3n y de criadero para peces y camarones. Con m\u00e1s de 20 a\u00f1os de experiencia en el sector de la acuacultura, BernAqua se ha convertido en un experto en soluciones avanzadas de nutrici\u00f3n y medio ambiente para las primeras etapas de la vida de peces y camarones. Los pilares de la empresa son la innovaci\u00f3n, la cooperaci\u00f3n, el rendimiento y la sostenibilidad que, combinados, nos ayudan a conseguir los mejores resultados.<\/strong>[\/vc_column_text][vc_empty_space height=&#8221;20px&#8221;]<a href=\"https:\/\/www.bernaqua.com\/es\/acerca-de-bernaqua\/\" title=\"M\u00e1s informaci\u00f3n sobre BernAqua\"  data-id=\"mpc_button-4469f2f11e23072\" class=\"mpc-button mpc-init mpc-transition mpc-typography--preset_7 \" ><div class=\"mpc-button__content mpc-effect-type--none mpc-effect-side--none\"><span class=\"mpc-button__title mpc-transition\">M\u00e1s informaci\u00f3n sobre BernAqua &gt;<\/span><\/div><div class=\"mpc-button__background mpc-transition mpc-effect-type--fade mpc-effect-side--in\"><\/div><\/a>[vc_empty_space][\/qode_elements_holder_item][\/qode_elements_holder][\/vc_column][\/vc_row][vc_row css_animation=&#8221;&#8221; row_type=&#8221;row&#8221; use_row_as_full_screen_section=&#8221;no&#8221; type=&#8221;full_width&#8221; angled_section=&#8221;no&#8221; text_align=&#8221;left&#8221; background_image_as_pattern=&#8221;without_pattern&#8221; background_color=&#8221;#ffffff&#8221;][vc_column width=&#8221;1\/2&#8243;][qode_elements_holder number_of_columns=&#8221;one_column&#8221;][qode_elements_holder_item advanced_animations=&#8221;no&#8221; item_padding=&#8221;5% 5% 5% 30%&#8221; item_padding_1024_1280=&#8221;10% 19.3% 11.5% 18%&#8221; item_padding_600_768=&#8221;7.5% 17.7% 11.5% 16%&#8221; item_padding_480_600=&#8221;7% 17% 11.5% 16%&#8221; item_padding_480=&#8221;3% 16.7% 11.5% 16%&#8221;][vc_column_text]<\/p>\n<h2>ALIMENTOS PARA EL CRECIMIENTO DE PECES Y CAMARONES<\/h2>\n<h3>CON UNA GAMA COMPLETA DE PRODUCTOS<\/h3>\n<p>[\/vc_column_text][\/qode_elements_holder_item][\/qode_elements_holder][\/vc_column][vc_column width=&#8221;1\/2&#8243;][qode_elements_holder number_of_columns=&#8221;one_column&#8221;][qode_elements_holder_item advanced_animations=&#8221;no&#8221; item_padding=&#8221;5% 30% 5% 1%&#8221; item_padding_1024_1280=&#8221;10% 19.3% 11.5% 18%&#8221; item_padding_600_768=&#8221;7.5% 17.7% 11.5% 16%&#8221; item_padding_480_600=&#8221;7% 17% 11.5% 16%&#8221; item_padding_480=&#8221;3% 16.7% 11.5% 16%&#8221;][vc_column_text]Todos nuestros productos son adecuados para una amplia gama de especies de peces y camarones y pueden utilizarse en diferentes tipos de entornos. As\u00ed pues, tanto si cr\u00eda tilapias como camarones de pata blanca o especies de peces marinos, tenemos los productos adecuados para aumentar tanto su productividad como su rentabilidad.[\/vc_column_text][\/qode_elements_holder_item][\/qode_elements_holder][\/vc_column][\/vc_row][vc_row css_animation=&#8221;&#8221; row_type=&#8221;row&#8221; use_row_as_full_screen_section=&#8221;no&#8221; type=&#8221;grid&#8221; angled_section=&#8221;no&#8221; text_align=&#8221;left&#8221; background_image_as_pattern=&#8221;without_pattern&#8221; background_color=&#8221;#ffffff&#8221; css=&#8221;.vc_custom_1510154353714{background-position: center !important;background-repeat: no-repeat !important;background-size: cover !important;}&#8221;][vc_column css=&#8221;.vc_custom_1509002560853{background-position: center !important;background-repeat: no-repeat !important;background-size: cover !important;}&#8221;][qode_elements_holder number_of_columns=&#8221;one_column&#8221;][qode_elements_holder_item advanced_animations=&#8221;no&#8221; background_color=&#8221;#f9f9f9&#8243; item_padding=&#8221;2% 11% 5% 11%&#8221; item_padding_1024_1280=&#8221;10% 19.3% 11.5% 18%&#8221; item_padding_600_768=&#8221;7.5% 17.7% 11.5% 16%&#8221; item_padding_480_600=&#8221;7% 17% 11.5% 16%&#8221; item_padding_480=&#8221;3% 16.7% 11.5% 16%&#8221;][vc_row_inner row_type=&#8221;row&#8221; type=&#8221;full_width&#8221; text_align=&#8221;left&#8221; css_animation=&#8221;&#8221; background_color=&#8221;#f7f7f7&#8243;][vc_column_inner width=&#8221;1\/4&#8243;][vc_column_text]<\/p>\n<h3>Nuestra exclusiva cartera de productos abarca seis campos de experiencia avanzada:<\/h3>\n<p>[\/vc_column_text][\/vc_column_inner][vc_column_inner width=&#8221;1\/4&#8243;][vc_empty_space height=&#8221;20px&#8221;]<div class='image_hover hovered' style='' data-transition-delay=''><div class='images_holder'><a itemprop='url' href='https:\/\/www.bernaqua.com\/es\/regimen-de-alimentacion-de-los-peces\/' target='_self'><img itemprop='image' class='active_image ' src='https:\/\/www.bernaqua.com\/wp-content\/uploads\/peces.jpg' alt='' style='' \/><img itemprop='image' class='hover_image' src='https:\/\/www.bernaqua.com\/wp-content\/uploads\/Fish.jpg' alt='' style='' \/><\/a><\/div><\/div>[vc_empty_space height=&#8221;20px&#8221;]<div class='image_hover hovered' style='' data-transition-delay=''><div class='images_holder'><a itemprop='url' href='https:\/\/www.bernaqua.com\/es\/regimen-de-alimentacion-de-los-camarones\/' target='_self'><img itemprop='image' class='active_image ' src='https:\/\/www.bernaqua.com\/wp-content\/uploads\/shrimp-1.jpg' alt='' style='' \/><img itemprop='image' class='hover_image' src='https:\/\/www.bernaqua.com\/wp-content\/uploads\/shrimp.jpg' alt='' style='' \/><\/a><\/div><\/div>[\/vc_column_inner][vc_column_inner width=&#8221;1\/4&#8243;][vc_empty_space height=&#8221;20px&#8221;]<div class='image_hover hovered' style='' data-transition-delay=''><div class='images_holder'><a itemprop='url' href='https:\/\/www.bernaqua.com\/es\/nutricion\/' target='_self'><img itemprop='image' class='active_image ' src='https:\/\/www.bernaqua.com\/wp-content\/uploads\/nutrition-txt.jpg' alt='' style='' \/><img itemprop='image' class='hover_image' src='https:\/\/www.bernaqua.com\/wp-content\/uploads\/fish-202654_960_720-1-1.jpg' alt='' style='' \/><\/a><\/div><\/div>[vc_empty_space height=&#8221;20px&#8221;]<div class='image_hover hovered' style='' data-transition-delay=''><div class='images_holder'><a itemprop='url' href='https:\/\/www.bernaqua.com\/es\/investigacion-e-innovacion\/' target='_self'><img itemprop='image' class='active_image ' src='https:\/\/www.bernaqua.com\/wp-content\/uploads\/Research.jpg' alt='' style='' \/><img itemprop='image' class='hover_image' src='https:\/\/www.bernaqua.com\/wp-content\/uploads\/Research-empty.jpg' alt='' style='' \/><\/a><\/div><\/div>[\/vc_column_inner][vc_column_inner width=&#8221;1\/4&#8243;][vc_empty_space height=&#8221;20px&#8221;]<div class='image_hover hovered' style='' data-transition-delay=''><div class='images_holder'><a itemprop='url' href='https:\/\/www.bernaqua.com\/es\/calidad-del-agua\/' target='_self'><img itemprop='image' class='active_image ' src='https:\/\/www.bernaqua.com\/wp-content\/uploads\/Environment.jpg' alt='' style='' \/><img itemprop='image' class='hover_image' src='https:\/\/www.bernaqua.com\/wp-content\/uploads\/Environment-empty.jpg' alt='' style='' \/><\/a><\/div><\/div>[vc_empty_space height=&#8221;20px&#8221;]<div class='image_hover hovered' style='' data-transition-delay=''><div class='images_holder'><a itemprop='url' href='https:\/\/www.bernaqua.com\/es\/tecnologiaproduccion\/' target='_self'><img itemprop='image' class='active_image ' src='https:\/\/www.bernaqua.com\/wp-content\/uploads\/Biotechnology-txt.jpg' alt='' style='' \/><img itemprop='image' class='hover_image' src='https:\/\/www.bernaqua.com\/wp-content\/uploads\/Biotechnology-empty-1.jpg' alt='' style='' \/><\/a><\/div><\/div>[\/vc_column_inner][\/vc_row_inner][\/qode_elements_holder_item][\/qode_elements_holder][\/vc_column][\/vc_row][vc_row css_animation=&#8221;&#8221; row_type=&#8221;row&#8221; use_row_as_full_screen_section=&#8221;no&#8221; type=&#8221;full_width&#8221; angled_section=&#8221;no&#8221; text_align=&#8221;left&#8221; background_image_as_pattern=&#8221;without_pattern&#8221; background_color=&#8221;#ffffff&#8221; css=&#8221;.vc_custom_1510217870769{background-position: center !important;background-repeat: no-repeat !important;background-size: cover !important;}&#8221;][vc_column css=&#8221;.vc_custom_1509002560853{background-position: center !important;background-repeat: no-repeat !important;background-size: cover !important;}&#8221;][vc_empty_space height=&#8221;20px&#8221; css=&#8221;.vc_custom_1510154495581{background-color: #ffffff !important;}&#8221;][\/vc_column][\/vc_row][vc_row css_animation=&#8221;&#8221; row_type=&#8221;row&#8221; use_row_as_full_screen_section=&#8221;no&#8221; type=&#8221;grid&#8221; angled_section=&#8221;no&#8221; text_align=&#8221;left&#8221; background_image_as_pattern=&#8221;without_pattern&#8221; background_color=&#8221;#ffffff&#8221; css=&#8221;.vc_custom_1509007676921{background-position: center !important;background-repeat: no-repeat !important;background-size: cover !important;}&#8221;][vc_column css=&#8221;.vc_custom_1509002560853{background-position: center !important;background-repeat: no-repeat !important;background-size: cover !important;}&#8221;][qode_elements_holder number_of_columns=&#8221;one_column&#8221;][qode_elements_holder_item advanced_animations=&#8221;no&#8221; item_padding=&#8221;5% 20.7% 5% 20.5%&#8221; item_padding_1024_1280=&#8221;10% 19.3% 11.5% 18%&#8221; item_padding_600_768=&#8221;7.5% 17.7% 11.5% 16%&#8221; item_padding_480_600=&#8221;7% 17% 11.5% 16%&#8221; item_padding_480=&#8221;3% 16.7% 11.5% 16%&#8221;][vc_empty_space][vc_single_image image=&#8221;3039&#8243; img_size=&#8221;full&#8221; alignment=&#8221;center&#8221; qode_css_animation=&#8221;&#8221;][vc_empty_space][vc_column_text]<\/p>\n<h3 style=\"text-align: center;\"><strong>1\u00aa EMPRESA<\/strong><\/h3>\n<h3 style=\"text-align: center;\">INTRODUCIR EN EL MERCADO UN PIENSO ECOL\u00d3GICO PARA LAS PRIMERAS FASES LARVARIAS DE LOS\u00a0CAMARONES<\/h3>\n<p>[\/vc_column_text][vc_empty_space height=&#8221;20px&#8221;][\/qode_elements_holder_item][\/qode_elements_holder][\/vc_column][\/vc_row][vc_row css_animation=&#8221;&#8221; row_type=&#8221;row&#8221; use_row_as_full_screen_section=&#8221;no&#8221; type=&#8221;full_width&#8221; angled_section=&#8221;no&#8221; text_align=&#8221;center&#8221; background_image_as_pattern=&#8221;without_pattern&#8221; css=&#8221;.vc_custom_1510760227822{padding-right: 150px !important;padding-left: 150px !important;background-position: center !important;background-repeat: no-repeat !important;background-size: cover !important;}&#8221;][vc_column width=&#8221;1\/6&#8243; offset=&#8221;vc_col-lg-offset-0 vc_hidden-md vc_hidden-sm vc_hidden-xs&#8221;][\/vc_column][vc_column width=&#8221;1\/6&#8243; offset=&#8221;vc_col-lg-2 vc_col-md-3 vc_col-xs-12&#8243;]<div class=\"q_counter_holder  center boxed_counter\" style=\"border-color:#ffffff;\" data-digit=\"25\"><span class=\"counter  zero\" style=\"color: #1c95c1;font-size: 80px;font-weight: 500;\">25<\/span><span class=\"separator small\" style=\"\"><\/span><p class=\"counter_text\" style=\"font-size: 18px;font-weight: 500;text-transform: uppercase;color: #333333;\">LOS MEJORES PRODUCTOS<\/p><\/div>[\/vc_column][vc_column width=&#8221;1\/6&#8243; offset=&#8221;vc_col-lg-2 vc_col-md-3 vc_col-xs-12&#8243;]<div class=\"q_counter_holder  center boxed_counter\" style=\"border-color:#ffffff;\" data-digit=\"50\"><span class=\"counter  zero\" style=\"color: #1c95c1;font-size: 80px;font-weight: 500;\">50<\/span><span class=\"separator small\" style=\"\"><\/span><p class=\"counter_text\" style=\"font-size: 18px;font-weight: 500;text-transform: uppercase;color: #333333;\">PA\u00cdSES DE TODO EL MUNDO<\/p><\/div>[\/vc_column][vc_column width=&#8221;1\/6&#8243; offset=&#8221;vc_col-lg-2 vc_col-md-3 vc_col-xs-12&#8243;]<div class=\"q_counter_holder  center boxed_counter\" style=\"border-color:#ffffff;\" data-digit=\"105\"><span class=\"counter  zero\" style=\"color: #1c95c1;font-size: 80px;font-weight: 500;\">105<\/span><span class=\"separator small\" style=\"\"><\/span><p class=\"counter_text\" style=\"font-size: 18px;font-weight: 500;text-transform: uppercase;color: #333333;\">PROFESIONALES COMPROMETIDOS<\/p><\/div>[\/vc_column][vc_column width=&#8221;1\/6&#8243; offset=&#8221;vc_col-lg-2 vc_col-md-3 vc_col-xs-12&#8243;]<div class=\"q_counter_holder  center boxed_counter\" style=\"border-color:#ffffff;\" data-digit=\"190\"><span class=\"counter  zero\" style=\"color: #1c95c1;font-size: 80px;font-weight: 500;\">190<\/span><span class=\"separator small\" style=\"\"><\/span><p class=\"counter_text\" style=\"font-size: 18px;font-weight: 500;text-transform: uppercase;color: #333333;\">CLIENTES SATISFECHOS<\/p><\/div>[\/vc_column][vc_column width=&#8221;1\/6&#8243; offset=&#8221;vc_col-lg-2 vc_hidden-md vc_hidden-sm vc_hidden-xs&#8221;][\/vc_column][\/vc_row][vc_row css_animation=&#8221;&#8221; row_type=&#8221;row&#8221; use_row_as_full_screen_section=&#8221;no&#8221; type=&#8221;full_width&#8221; angled_section=&#8221;no&#8221; text_align=&#8221;left&#8221; background_image_as_pattern=&#8221;without_pattern&#8221; background_color=&#8221;#ffffff&#8221; z_index=&#8221;&#8221;][vc_column width=&#8221;1\/2&#8243;][qode_elements_holder number_of_columns=&#8221;one_column&#8221;][qode_elements_holder_item advanced_animations=&#8221;no&#8221; item_padding=&#8221;5% 5% 5% 30%&#8221; item_padding_1024_1280=&#8221;10% 19.3% 11.5% 18%&#8221; item_padding_600_768=&#8221;7.5% 17.7% 11.5% 16%&#8221; item_padding_480_600=&#8221;7% 17% 11.5% 16%&#8221; item_padding_480=&#8221;3% 16.7% 11.5% 16%&#8221;][vc_column_text]<\/p>\n<h2>PRESENCIA MUNDIAL<\/h2>\n<h3>UNA PODEROSA RED INTERNACIONAL<\/h3>\n<p>[\/vc_column_text][\/qode_elements_holder_item][\/qode_elements_holder][\/vc_column][vc_column width=&#8221;1\/2&#8243;][qode_elements_holder number_of_columns=&#8221;one_column&#8221;][qode_elements_holder_item advanced_animations=&#8221;no&#8221; item_padding=&#8221;5% 30% 5% 1%&#8221; item_padding_1024_1280=&#8221;10% 19.3% 11.5% 18%&#8221; item_padding_600_768=&#8221;7.5% 17.7% 11.5% 16%&#8221; item_padding_480_600=&#8221;7% 17% 11.5% 16%&#8221; item_padding_480=&#8221;3% 16.7% 11.5% 16%&#8221;][vc_column_text]Porque en BernAqua ayudamos a nuestros clientes en todo el mundo, conocemos los retos a los que se enfrentan las plantas de incubaci\u00f3n en funci\u00f3n del entorno local y de las condiciones econ\u00f3micas o de mercado. Nuestros expertos analizar\u00e1n su situaci\u00f3n y le indicar\u00e1n c\u00f3mo mejorar su rentabilidad eligiendo las soluciones m\u00e1s eficientes[\/vc_column_text][\/qode_elements_holder_item][\/qode_elements_holder][\/vc_column][\/vc_row][vc_row css_animation=&#8221;&#8221; row_type=&#8221;row&#8221; use_row_as_full_screen_section=&#8221;no&#8221; type=&#8221;grid&#8221; angled_section=&#8221;no&#8221; text_align=&#8221;left&#8221; background_image_as_pattern=&#8221;without_pattern&#8221; background_color=&#8221;#ffffff&#8221; z_index=&#8221;&#8221;][vc_column][vc_empty_space height=&#8221;20&#8243;][vc_column_text]<\/p>\n<p style=\"text-align: center;\"><div id=\"image-map-pro-1427\"><\/div>\n<p>[\/vc_column_text][vc_empty_space height=&#8221;10&#8243;][\/vc_column][\/vc_row][vc_row css_animation=&#8221;&#8221; row_type=&#8221;row&#8221; use_row_as_full_screen_section=&#8221;no&#8221; type=&#8221;grid&#8221; angled_section=&#8221;no&#8221; text_align=&#8221;center&#8221; background_image_as_pattern=&#8221;without_pattern&#8221; background_color=&#8221;#f9f9f9&#8243; css=&#8221;.vc_custom_1509006872810{background-position: center !important;background-repeat: no-repeat !important;background-size: cover !important;}&#8221;][vc_column css=&#8221;.vc_custom_1509002560853{background-position: center !important;background-repeat: no-repeat !important;background-size: cover !important;}&#8221;][qode_elements_holder number_of_columns=&#8221;one_column&#8221; alignment_one_column=&#8221;center&#8221;][qode_elements_holder_item advanced_animations=&#8221;no&#8221; item_padding=&#8221;3% 20.7% 3% 20.5%&#8221; item_padding_1024_1280=&#8221;10% 19.3% 11.5% 18%&#8221; item_padding_600_768=&#8221;7.5% 17.7% 11.5% 16%&#8221; item_padding_480_600=&#8221;7% 17% 11.5% 16%&#8221; item_padding_480=&#8221;3% 16.7% 11.5% 16%&#8221;]<span data-type=\"normal\" data-hover-icon-color=\"#99834c\" class=\"qode_icon_shortcode  q_font_awsome_icon fa-5x  \" style=\" \"><a  itemprop=\"url\" href=\"https:\/\/www.bernaqua.com\/contact-our-experts\/\" target=\"_self\"><span aria-hidden=\"true\" class=\"qode_icon_font_elegant icon_mail qode_icon_element\" style=\"color: #333333;\" ><\/span><\/a><\/span>[vc_empty_space height=&#8221;20px&#8221;][vc_column_text]<\/p>\n<h2 style=\"text-align: center;\">\u00bfNECESITA UN CONSEJO?<\/h2>\n<p>[\/vc_column_text][vc_empty_space height=&#8221;20px&#8221;][vc_column_text]<\/p>\n<p style=\"text-align: center;\">Nuestros expertos analizar\u00e1n su situaci\u00f3n y le indicar\u00e1n c\u00f3mo mejorar su rentabilidad eligiendo las soluciones m\u00e1s eficaces. Le esperan para responder a sus preguntas y ayudarle a hacer crecer su negocio.<\/p>\n<p>[\/vc_column_text][vc_empty_space height=&#8221;20px&#8221;]<a href=\"https:\/\/www.bernaqua.com\/es\/contacto\/\" title=\"Contacte con nuestros expertos\"  data-id=\"mpc_button-2069f2f11e25db6\" class=\"mpc-button mpc-init mpc-transition mpc-typography--preset_7 \" ><div class=\"mpc-button__content mpc-effect-type--none mpc-effect-side--none\"><span class=\"mpc-button__title mpc-transition\">Contacte con nuestros expertos &gt;<\/span><\/div><div class=\"mpc-button__background mpc-transition mpc-effect-type--fade mpc-effect-side--in\"><\/div><\/a>[\/qode_elements_holder_item][\/qode_elements_holder][\/vc_column][\/vc_row]<\/p>\n<\/div>","protected":false},"excerpt":{"rendered":"<p>[vc_row css_animation=&#8221;&#8221; row_type=&#8221;row&#8221; use_row_as_full_screen_section=&#8221;no&#8221; type=&#8221;grid&#8221; angled_section=&#8221;no&#8221; text_align=&#8221;left&#8221; background_image_as_pattern=&#8221;without_pattern&#8221; background_color=&#8221;#ffffff&#8221; css=&#8221;.vc_custom_1509007676921{background-position: center !important;background-repeat: no-repeat !important;background-size: cover !important;}&#8221;][vc_column css=&#8221;.vc_custom_1509002560853{background-position: center !important;background-repeat: no-repeat !important;background-size: cover !important;}&#8221;][qode_elements_holder number_of_columns=&#8221;one_column&#8221;][qode_elements_holder_item advanced_animations=&#8221;no&#8221; item_padding=&#8221;5% 20.7% 5% 20.5%&#8221; item_padding_1024_1280=&#8221;10% 19.3% 11.5% 18%&#8221; item_padding_600_768=&#8221;7.5% 17.7% 11.5% 16%&#8221; item_padding_480_600=&#8221;7% 17% 11.5% 16%&#8221; item_padding_480=&#8221;3% 16.7% 11.5% 16%&#8221;][vc_column_text]<\/p>\n","protected":false},"author":4,"featured_media":0,"parent":0,"menu_order":0,"comment_status":"closed","ping_status":"closed","template":"full_width.php","meta":{"footnotes":""},"class_list":["post-18074","page","type-page","status-publish","hentry"],"yoast_head":"<!-- This site is optimized with the Yoast SEO plugin v27.5 - https:\/\/yoast.com\/product\/yoast-seo-wordpress\/ -->\n<title>Feeds for Fish and Shrimp &amp; Finest Hatchery Solutions | BernAqua<\/title>\n<meta name=\"description\" content=\"The best hatchery services and feeds for fish and shrimp growth - check how BernAqua can help your aquaculture business today.\" \/>\n<meta name=\"robots\" content=\"index, follow, max-snippet:-1, max-image-preview:large, max-video-preview:-1\" \/>\n<link rel=\"canonical\" href=\"https:\/\/www.bernaqua.com\/es\/\" \/>\n<meta property=\"og:locale\" content=\"es_ES\" \/>\n<meta property=\"og:type\" content=\"article\" \/>\n<meta property=\"og:title\" content=\"Feeds for Fish and Shrimp &amp; Finest Hatchery Solutions | BernAqua\" \/>\n<meta property=\"og:description\" content=\"The best hatchery services and feeds for fish and shrimp growth - check how BernAqua can help your aquaculture business today.\" \/>\n<meta property=\"og:url\" content=\"https:\/\/www.bernaqua.com\/es\/\" \/>\n<meta property=\"og:site_name\" content=\"Bern Aqua\" \/>\n<meta property=\"article:publisher\" content=\"https:\/\/www.facebook.com\/Bernaqua.international\" \/>\n<meta property=\"article:modified_time\" content=\"2022-12-21T11:38:54+00:00\" \/>\n<meta property=\"og:image\" content=\"https:\/\/www.bernaqua.com\/wp-content\/uploads\/Picture2-1.jpg\" \/>\n\t<meta property=\"og:image:width\" content=\"1200\" \/>\n\t<meta property=\"og:image:height\" content=\"627\" \/>\n\t<meta property=\"og:image:type\" content=\"image\/jpeg\" \/>\n<meta name=\"twitter:card\" content=\"summary_large_image\" \/>\n<meta name=\"twitter:label1\" content=\"Tiempo de lectura\" \/>\n\t<meta name=\"twitter:data1\" content=\"4 minutos\" \/>\n<script type=\"application\/ld+json\" class=\"yoast-schema-graph\">{\"@context\":\"https:\\\/\\\/schema.org\",\"@graph\":[{\"@type\":\"WebPage\",\"@id\":\"https:\\\/\\\/www.bernaqua.com\\\/es\\\/\",\"url\":\"https:\\\/\\\/www.bernaqua.com\\\/es\\\/\",\"name\":\"Feeds for Fish and Shrimp & Finest Hatchery Solutions | BernAqua\",\"isPartOf\":{\"@id\":\"https:\\\/\\\/www.bernaqua.com\\\/#website\"},\"datePublished\":\"2017-10-24T11:48:50+00:00\",\"dateModified\":\"2022-12-21T11:38:54+00:00\",\"description\":\"The best hatchery services and feeds for fish and shrimp growth - check how BernAqua can help your aquaculture business today.\",\"breadcrumb\":{\"@id\":\"https:\\\/\\\/www.bernaqua.com\\\/es\\\/#breadcrumb\"},\"inLanguage\":\"es\",\"potentialAction\":[{\"@type\":\"ReadAction\",\"target\":[\"https:\\\/\\\/www.bernaqua.com\\\/es\\\/\"]}]},{\"@type\":\"BreadcrumbList\",\"@id\":\"https:\\\/\\\/www.bernaqua.com\\\/es\\\/#breadcrumb\",\"itemListElement\":[{\"@type\":\"ListItem\",\"position\":1,\"name\":\"Home\",\"item\":\"https:\\\/\\\/www.bernaqua.com\\\/es\\\/\"},{\"@type\":\"ListItem\",\"position\":2,\"name\":\"Home\"}]},{\"@type\":\"WebSite\",\"@id\":\"https:\\\/\\\/www.bernaqua.com\\\/#website\",\"url\":\"https:\\\/\\\/www.bernaqua.com\\\/\",\"name\":\"Bern Aqua\",\"description\":\"Finest Hatchery Feeds\",\"potentialAction\":[{\"@type\":\"SearchAction\",\"target\":{\"@type\":\"EntryPoint\",\"urlTemplate\":\"https:\\\/\\\/www.bernaqua.com\\\/?s={search_term_string}\"},\"query-input\":{\"@type\":\"PropertyValueSpecification\",\"valueRequired\":true,\"valueName\":\"search_term_string\"}}],\"inLanguage\":\"es\"}]}<\/script>\n<!-- \/ Yoast SEO plugin. -->","yoast_head_json":{"title":"Feeds for Fish and Shrimp & Finest Hatchery Solutions | BernAqua","description":"The best hatchery services and feeds for fish and shrimp growth - check how BernAqua can help your aquaculture business today.","robots":{"index":"index","follow":"follow","max-snippet":"max-snippet:-1","max-image-preview":"max-image-preview:large","max-video-preview":"max-video-preview:-1"},"canonical":"https:\/\/www.bernaqua.com\/es\/","og_locale":"es_ES","og_type":"article","og_title":"Feeds for Fish and Shrimp & Finest Hatchery Solutions | BernAqua","og_description":"The best hatchery services and feeds for fish and shrimp growth - check how BernAqua can help your aquaculture business today.","og_url":"https:\/\/www.bernaqua.com\/es\/","og_site_name":"Bern Aqua","article_publisher":"https:\/\/www.facebook.com\/Bernaqua.international","article_modified_time":"2022-12-21T11:38:54+00:00","og_image":[{"width":1200,"height":627,"url":"https:\/\/www.bernaqua.com\/wp-content\/uploads\/Picture2-1.jpg","type":"image\/jpeg"}],"twitter_card":"summary_large_image","twitter_misc":{"Tiempo de lectura":"4 minutos"},"schema":{"@context":"https:\/\/schema.org","@graph":[{"@type":"WebPage","@id":"https:\/\/www.bernaqua.com\/es\/","url":"https:\/\/www.bernaqua.com\/es\/","name":"Feeds for Fish and Shrimp & Finest Hatchery Solutions | BernAqua","isPartOf":{"@id":"https:\/\/www.bernaqua.com\/#website"},"datePublished":"2017-10-24T11:48:50+00:00","dateModified":"2022-12-21T11:38:54+00:00","description":"The best hatchery services and feeds for fish and shrimp growth - check how BernAqua can help your aquaculture business today.","breadcrumb":{"@id":"https:\/\/www.bernaqua.com\/es\/#breadcrumb"},"inLanguage":"es","potentialAction":[{"@type":"ReadAction","target":["https:\/\/www.bernaqua.com\/es\/"]}]},{"@type":"BreadcrumbList","@id":"https:\/\/www.bernaqua.com\/es\/#breadcrumb","itemListElement":[{"@type":"ListItem","position":1,"name":"Home","item":"https:\/\/www.bernaqua.com\/es\/"},{"@type":"ListItem","position":2,"name":"Home"}]},{"@type":"WebSite","@id":"https:\/\/www.bernaqua.com\/#website","url":"https:\/\/www.bernaqua.com\/","name":"Bern Aqua","description":"Finest Hatchery Feeds","potentialAction":[{"@type":"SearchAction","target":{"@type":"EntryPoint","urlTemplate":"https:\/\/www.bernaqua.com\/?s={search_term_string}"},"query-input":{"@type":"PropertyValueSpecification","valueRequired":true,"valueName":"search_term_string"}}],"inLanguage":"es"}]}},"_links":{"self":[{"href":"https:\/\/www.bernaqua.com\/es\/wp-json\/wp\/v2\/pages\/18074","targetHints":{"allow":["GET"]}}],"collection":[{"href":"https:\/\/www.bernaqua.com\/es\/wp-json\/wp\/v2\/pages"}],"about":[{"href":"https:\/\/www.bernaqua.com\/es\/wp-json\/wp\/v2\/types\/page"}],"author":[{"embeddable":true,"href":"https:\/\/www.bernaqua.com\/es\/wp-json\/wp\/v2\/users\/4"}],"replies":[{"embeddable":true,"href":"https:\/\/www.bernaqua.com\/es\/wp-json\/wp\/v2\/comments?post=18074"}],"version-history":[{"count":5,"href":"https:\/\/www.bernaqua.com\/es\/wp-json\/wp\/v2\/pages\/18074\/revisions"}],"predecessor-version":[{"id":19226,"href":"https:\/\/www.bernaqua.com\/es\/wp-json\/wp\/v2\/pages\/18074\/revisions\/19226"}],"wp:attachment":[{"href":"https:\/\/www.bernaqua.com\/es\/wp-json\/wp\/v2\/media?parent=18074"}],"curies":[{"name":"wp","href":"https:\/\/api.w.org\/{rel}","templated":true}]}}