{"id":16668,"date":"2016-07-21T12:50:19","date_gmt":"2016-07-21T12:50:19","guid":{"rendered":"https:\/\/preprod.bernaqua.com\/contact-our-experts\/"},"modified":"2021-10-07T14:06:30","modified_gmt":"2021-10-07T14:06:30","slug":"contact-our-experts","status":"publish","type":"page","link":"https:\/\/www.bernaqua.com\/br\/contact-our-experts\/","title":{"rendered":"Contate-Nos"},"content":{"rendered":"<div class=\"wpb-content-wrapper\"><p>[vc_row css_animation=&#8221;&#8221; row_type=&#8221;row&#8221; use_row_as_full_screen_section=&#8221;no&#8221; type=&#8221;grid&#8221; angled_section=&#8221;no&#8221; text_align=&#8221;center&#8221; background_image_as_pattern=&#8221;without_pattern&#8221; background_color=&#8221;#ffffff&#8221; padding_top=&#8221;30&#8243; padding_bottom=&#8221;30&#8243;][vc_column width=&#8221;1\/6&#8243;][vc_empty_space height=&#8221;20px&#8221;][\/vc_column][vc_column width=&#8221;2\/3&#8243;][vc_empty_space height=&#8221;20px&#8221;][vc_column_text]<\/p>\n<h1><strong><span style=\"color: #333333;\">CONTACTE NOSSOS ESPECIALISTAS PARA MAIS INFORMA\u00c7\u00d5ES<\/span><\/strong><\/h1>\n<p>[\/vc_column_text][vc_empty_space height=&#8221;20px&#8221;][vc_column_text]<\/p>\n<p style=\"text-align: center; margin-bottom: 20px;\">Se voc\u00ea est\u00e1 procurando suporte ao cliente, deseja resolver alguma situa\u00e7\u00e3o ou apenas solicitar mais informa\u00e7\u00f5es, voc\u00ea pode entrar em contato com nossos especialistas aqui mesmo. N\u00f3s o ajudaremos a resolver suas quest\u00f5es de forma r\u00e1pida e f\u00e1cil, permitindo a voc\u00ea focar no mais importante, como aumentar a performance do seu cultivo.<\/p>\n<p style=\"text-align: center; margin-bottom: 20px;\">A equipe da BernAqua possui especialistas altamente qualificados com profundo conhecimento em nutri\u00e7\u00e3o, qu\u00edmica e biologia. Nossos especialistas trabalham em estreita colabora\u00e7\u00e3o com o centro de P&amp;D da ADM e v\u00e1rias institui\u00e7\u00f5es de pesquisa externas em todo o mundo que colaboram ativamente com os produtores de peixes e camar\u00f5es.<\/p>\n<p style=\"text-align: center;\">Contate-nos hoje.<\/p>\n<p>[\/vc_column_text][\/vc_column][vc_column width=&#8221;1\/6&#8243;][\/vc_column][\/vc_row][vc_row css_animation=&#8221;&#8221; row_type=&#8221;row&#8221; use_row_as_full_screen_section=&#8221;no&#8221; type=&#8221;grid&#8221; angled_section=&#8221;no&#8221; text_align=&#8221;center&#8221; background_image_as_pattern=&#8221;without_pattern&#8221; background_color=&#8221;#ffffff&#8221; css=&#8221;.vc_custom_1482272211604{padding-bottom: 100px !important;}&#8221;][vc_column width=&#8221;1\/2&#8243;][vc_empty_space height=&#8221;30&#8243;][vc_column_text]<\/p>\n<h4>Envie-nos um e-mail:<\/h4>\n<p>[\/vc_column_text]<span class='q_social_icon_holder circle_social' ><a itemprop='url' href='mailto:bernaqua.info@adm.com' target='_self'><span class='fa-stack fa-lg' style=''><i class=\"qode_icon_font_awesome fa fa-envelope \" style=\"\" ><\/i><\/span><\/a><\/span>[vc_empty_space height=&#8221;32&#8243;][vc_empty_space height=&#8221;32&#8243;][vc_column_text]<\/p>\n<h4><span style=\"color: #333333;\">Headquarters<\/span><\/h4>\n<p>[\/vc_column_text][vc_empty_space height=&#8221;10&#8243;][vc_column_text]<\/p>\n<h5 class=\"paragraph_style_2\" style=\"text-align: center;\"><strong>Bern Aqua NV<\/strong><\/h5>\n<h5 class=\"paragraph_style_3\" style=\"text-align: center;\">Hagelberg 3<\/h5>\n<h5 class=\"paragraph_style_3\" style=\"text-align: center;\">B-2250 Olen<\/h5>\n<h5 class=\"paragraph_style_3\" style=\"text-align: center;\">Belgium<\/h5>\n<p>[\/vc_column_text][vc_column_text]<\/p>\n<h5 style=\"text-align: center;\"><a href=\"https:\/\/www.google.be\/maps\/dir\/\/BernAqua,+Hagelberg+3,+2250+Olen\/@51.1517796,4.9029341,16z\/data=!4m8!4m7!1m0!1m5!1m1!1s0x47c14e64c8fb7d8d:0x5eb0e5071a65fd1a!2m2!1d4.907963!2d51.149418\"><strong>Localiza\u00e7\u00e3o e acesso<\/strong><\/a><\/h5>\n<p>[\/vc_column_text][vc_empty_space height=&#8221;30&#8243;]<a  itemprop=\"url\" href=\"https:\/\/www.bernaqua.com\/distribution\/\" target=\"_self\" data-hover-background-color='#2b96bf'  class=\"qbutton  medium default\" style=\"background-color: #333333;\">Encontre um representante<\/a>[\/vc_column][vc_column width=&#8221;1\/2&#8243;][vc_empty_space height=&#8221;30&#8243;]\n<div class=\"wpcf7 no-js\" id=\"wpcf7-f16809-o1\" lang=\"en-US\" dir=\"ltr\" data-wpcf7-id=\"16809\">\n<div class=\"screen-reader-response\"><p role=\"status\" aria-live=\"polite\" aria-atomic=\"true\"><\/p> <ul><\/ul><\/div>\n<form action=\"\/br\/wp-json\/wp\/v2\/pages\/16668#wpcf7-f16809-o1\" method=\"post\" class=\"wpcf7-form init cf7_custom_style_1\" aria-label=\"Contact form\" novalidate=\"novalidate\" data-status=\"init\">\n<fieldset class=\"hidden-fields-container\"><input type=\"hidden\" name=\"_wpcf7\" value=\"16809\" \/><input type=\"hidden\" name=\"_wpcf7_version\" value=\"6.1.5\" \/><input type=\"hidden\" name=\"_wpcf7_locale\" value=\"en_US\" \/><input type=\"hidden\" name=\"_wpcf7_unit_tag\" value=\"wpcf7-f16809-o1\" \/><input type=\"hidden\" name=\"_wpcf7_container_post\" value=\"0\" \/><input type=\"hidden\" name=\"_wpcf7_posted_data_hash\" value=\"\" \/><input type=\"hidden\" name=\"_wpcf7dtx_version\" value=\"5.0.5\" \/><input type=\"hidden\" name=\"_wpcf7_recaptcha_response\" value=\"\" \/>\n<\/fieldset>\n<p><span class=\"wpcf7-form-control-wrap\" data-name=\"your-name\"><input size=\"40\" maxlength=\"400\" class=\"wpcf7-form-control wpcf7-text wpcf7-validates-as-required\" aria-required=\"true\" aria-invalid=\"false\" placeholder=\"NOME*\" value=\"\" type=\"text\" name=\"your-name\" \/><\/span>\n<\/p>\n<p><span class=\"wpcf7-form-control-wrap\" data-name=\"your-email\"><input size=\"40\" maxlength=\"400\" class=\"wpcf7-form-control wpcf7-email wpcf7-validates-as-required wpcf7-text wpcf7-validates-as-email\" aria-required=\"true\" aria-invalid=\"false\" placeholder=\"EMAIL*\" value=\"\" type=\"email\" name=\"your-email\" \/><\/span>\n<\/p>\n<p><span class=\"wpcf7-form-control-wrap\" data-name=\"your-phone\"><input size=\"40\" maxlength=\"400\" class=\"wpcf7-form-control wpcf7-text wpcf7-validates-as-required\" aria-required=\"true\" aria-invalid=\"false\" placeholder=\"TELEFONE*\" value=\"\" type=\"text\" name=\"your-phone\" \/><\/span>\n<\/p>\n<p><span class=\"wpcf7-form-control-wrap\" data-name=\"your-country\"><input size=\"40\" maxlength=\"400\" class=\"wpcf7-form-control wpcf7-text wpcf7-validates-as-required\" aria-required=\"true\" aria-invalid=\"false\" placeholder=\"PA\u00cdS*\" value=\"\" type=\"text\" name=\"your-country\" \/><\/span>\n<\/p>\n<p><span class=\"wpcf7-form-control-wrap\" data-name=\"your-city\"><input size=\"40\" maxlength=\"400\" class=\"wpcf7-form-control wpcf7-text wpcf7-validates-as-required\" aria-required=\"true\" aria-invalid=\"false\" placeholder=\"CIDADE*\" value=\"\" type=\"text\" name=\"your-city\" \/><\/span>\n<\/p>\n<p><span class=\"wpcf7-form-control-wrap\" data-name=\"your-subject\"><input size=\"40\" maxlength=\"400\" class=\"wpcf7-form-control wpcf7-text wpcf7-validates-as-required\" aria-required=\"true\" aria-invalid=\"false\" placeholder=\"ASSUNTO*\" value=\"\" type=\"text\" name=\"your-subject\" \/><\/span>\n<\/p>\n<p><span class=\"wpcf7-form-control-wrap\" data-name=\"your-message\"><textarea cols=\"40\" rows=\"10\" maxlength=\"2000\" class=\"wpcf7-form-control wpcf7-textarea wpcf7-validates-as-required\" aria-required=\"true\" aria-invalid=\"false\" placeholder=\"MENSAGEM*\" name=\"your-message\"><\/textarea><\/span>\n<\/p>\n<p><span class=\"wpcf7-form-control-wrap\" data-name=\"rgpd\"><span class=\"wpcf7-form-control wpcf7-acceptance\"><span class=\"wpcf7-list-item\"><label><input type=\"checkbox\" name=\"rgpd\" value=\"1\" aria-invalid=\"false\" \/><span class=\"wpcf7-list-item-label\">Eu concordo em receber comunica\u00e7\u00f5es de Bernaqua<\/span><\/label><\/span><\/span><\/span>\n<\/p>\n<div class=\"dothemath\">\n\t<p>Resolva o c\u00e1lculo:<br \/>\n <span class=\"wpcf7-form-control-wrap wpcaptcha-182\">86 + <input size=\"2\" maxlength=\"2\" class=\"wpcf7-form-control wpcf7-wpcaptcha\" aria-required=\"true\" type=\"text\" name=\"wpcaptcha-182\" value=\"\" \/> = 9&#x32;<\/span><input type=\"hidden\" value=\"0\" name=\"wpcaptcha-182-sn\" \/>\n\t<\/p>\n<\/div>\n<p><input class=\"wpcf7-form-control wpcf7-submit has-spinner\" type=\"submit\" value=\"Enviar\" \/>\n<\/p><div class=\"wpcf7-response-output\" aria-hidden=\"true\"><\/div>\n<\/form>\n<\/div>\n[\/vc_column][\/vc_row][vc_row css_animation=&#8221;&#8221; row_type=&#8221;row&#8221; use_row_as_full_screen_section=&#8221;no&#8221; type=&#8221;full_width&#8221; angled_section=&#8221;no&#8221; text_align=&#8221;left&#8221; background_image_as_pattern=&#8221;without_pattern&#8221;][vc_column]<div class='google_map_shortcode_holder' style='height:460px;'><div class='qode_google_map' style='height:460px;' id='map_canvas_11689' data-addresses='[\"Hagelberg 3, Olen, Belgium\"]' data-custom-map-style='true' data-color-overlay='#393939' data-saturation='-100' data-lightness='20' data-zoom='6' data-pin='https:\/\/www.bernaqua.com\/wp-content\/uploads\/2016\/07\/pinmax.png' data-unique-id='11689' data-google-maps-scroll-wheel='false' data-snazzy-map-style='no' data-map-height='460'><\/div><div class='google_map_shortcode_overlay'><\/div><\/div>[\/vc_column][\/vc_row]<\/p>\n<\/div>","protected":false},"excerpt":{"rendered":"<p>[vc_row css_animation=&#8221;&#8221; row_type=&#8221;row&#8221; use_row_as_full_screen_section=&#8221;no&#8221; type=&#8221;grid&#8221; angled_section=&#8221;no&#8221; text_align=&#8221;center&#8221; background_image_as_pattern=&#8221;without_pattern&#8221; background_color=&#8221;#ffffff&#8221; padding_top=&#8221;30&#8243; padding_bottom=&#8221;30&#8243;][vc_column width=&#8221;1\/6&#8243;][vc_empty_space height=&#8221;20px&#8221;][\/vc_column][vc_column width=&#8221;2\/3&#8243;][vc_empty_space height=&#8221;20px&#8221;][vc_column_text] CONTACTE NOSSOS ESPECIALISTAS PARA MAIS INFORMA\u00c7\u00d5ES [\/vc_column_text][vc_empty_space height=&#8221;20px&#8221;][vc_column_text] Se voc\u00ea est\u00e1 procurando suporte ao cliente, deseja resolver alguma situa\u00e7\u00e3o ou apenas solicitar mais informa\u00e7\u00f5es, voc\u00ea pode entrar em contato com<\/p>\n","protected":false},"author":4,"featured_media":0,"parent":0,"menu_order":0,"comment_status":"closed","ping_status":"closed","template":"full_width.php","meta":{"footnotes":""},"class_list":["post-16668","page","type-page","status-publish","hentry"],"yoast_head":"<!-- This site is optimized with the Yoast SEO plugin v27.5 - https:\/\/yoast.com\/product\/yoast-seo-wordpress\/ -->\n<title>Contacte nossos especialistas para mais informa\u00e7\u00f5es | BernAqua<\/title>\n<meta name=\"description\" content=\"Se voc\u00ea est\u00e1 procurando suporte ao cliente, deseja resolver alguma situa\u00e7\u00e3o ou apenas solicitar mais informa\u00e7\u00f5es, voc\u00ea pode entrar em contato com nossos especialistas aqui mesmo.\" \/>\n<meta name=\"robots\" content=\"index, follow, max-snippet:-1, max-image-preview:large, max-video-preview:-1\" \/>\n<link rel=\"canonical\" href=\"https:\/\/www.bernaqua.com\/br\/contact-our-experts\/\" \/>\n<meta property=\"og:locale\" content=\"pt_BR\" \/>\n<meta property=\"og:type\" content=\"article\" \/>\n<meta property=\"og:title\" content=\"Contacte nossos especialistas para mais informa\u00e7\u00f5es | BernAqua\" \/>\n<meta property=\"og:description\" content=\"Se voc\u00ea est\u00e1 procurando suporte ao cliente, deseja resolver alguma situa\u00e7\u00e3o ou apenas solicitar mais informa\u00e7\u00f5es, voc\u00ea pode entrar em contato com nossos especialistas aqui mesmo.\" \/>\n<meta property=\"og:url\" content=\"https:\/\/www.bernaqua.com\/br\/contact-our-experts\/\" \/>\n<meta property=\"og:site_name\" content=\"Bern Aqua\" \/>\n<meta property=\"article:publisher\" content=\"https:\/\/www.facebook.com\/Bernaqua.international\" \/>\n<meta property=\"article:modified_time\" content=\"2021-10-07T14:06:30+00:00\" \/>\n<meta property=\"og:image\" content=\"https:\/\/www.bernaqua.com\/wp-content\/uploads\/Picture2-1.jpg\" \/>\n\t<meta property=\"og:image:width\" content=\"1200\" \/>\n\t<meta property=\"og:image:height\" content=\"627\" \/>\n\t<meta property=\"og:image:type\" content=\"image\/jpeg\" \/>\n<meta name=\"twitter:card\" content=\"summary_large_image\" \/>\n<meta name=\"twitter:label1\" content=\"Est. tempo de leitura\" \/>\n\t<meta name=\"twitter:data1\" content=\"1 minuto\" \/>\n<script type=\"application\/ld+json\" class=\"yoast-schema-graph\">{\"@context\":\"https:\\\/\\\/schema.org\",\"@graph\":[{\"@type\":\"WebPage\",\"@id\":\"https:\\\/\\\/www.bernaqua.com\\\/br\\\/contact-our-experts\\\/\",\"url\":\"https:\\\/\\\/www.bernaqua.com\\\/br\\\/contact-our-experts\\\/\",\"name\":\"Contacte nossos especialistas para mais informa\u00e7\u00f5es | BernAqua\",\"isPartOf\":{\"@id\":\"https:\\\/\\\/www.bernaqua.com\\\/#website\"},\"datePublished\":\"2016-07-21T12:50:19+00:00\",\"dateModified\":\"2021-10-07T14:06:30+00:00\",\"description\":\"Se voc\u00ea est\u00e1 procurando suporte ao cliente, deseja resolver alguma situa\u00e7\u00e3o ou apenas solicitar mais informa\u00e7\u00f5es, voc\u00ea pode entrar em contato com nossos especialistas aqui mesmo.\",\"breadcrumb\":{\"@id\":\"https:\\\/\\\/www.bernaqua.com\\\/br\\\/contact-our-experts\\\/#breadcrumb\"},\"inLanguage\":\"pt-BR\",\"potentialAction\":[{\"@type\":\"ReadAction\",\"target\":[\"https:\\\/\\\/www.bernaqua.com\\\/br\\\/contact-our-experts\\\/\"]}]},{\"@type\":\"BreadcrumbList\",\"@id\":\"https:\\\/\\\/www.bernaqua.com\\\/br\\\/contact-our-experts\\\/#breadcrumb\",\"itemListElement\":[{\"@type\":\"ListItem\",\"position\":1,\"name\":\"Home\",\"item\":\"https:\\\/\\\/www.bernaqua.com\\\/br\\\/\"},{\"@type\":\"ListItem\",\"position\":2,\"name\":\"Contate-Nos\"}]},{\"@type\":\"WebSite\",\"@id\":\"https:\\\/\\\/www.bernaqua.com\\\/#website\",\"url\":\"https:\\\/\\\/www.bernaqua.com\\\/\",\"name\":\"Bern Aqua\",\"description\":\"Finest Hatchery Feeds\",\"potentialAction\":[{\"@type\":\"SearchAction\",\"target\":{\"@type\":\"EntryPoint\",\"urlTemplate\":\"https:\\\/\\\/www.bernaqua.com\\\/?s={search_term_string}\"},\"query-input\":{\"@type\":\"PropertyValueSpecification\",\"valueRequired\":true,\"valueName\":\"search_term_string\"}}],\"inLanguage\":\"pt-BR\"}]}<\/script>\n<!-- \/ Yoast SEO plugin. -->","yoast_head_json":{"title":"Contacte nossos especialistas para mais informa\u00e7\u00f5es | BernAqua","description":"Se voc\u00ea est\u00e1 procurando suporte ao cliente, deseja resolver alguma situa\u00e7\u00e3o ou apenas solicitar mais informa\u00e7\u00f5es, voc\u00ea pode entrar em contato com nossos especialistas aqui mesmo.","robots":{"index":"index","follow":"follow","max-snippet":"max-snippet:-1","max-image-preview":"max-image-preview:large","max-video-preview":"max-video-preview:-1"},"canonical":"https:\/\/www.bernaqua.com\/br\/contact-our-experts\/","og_locale":"pt_BR","og_type":"article","og_title":"Contacte nossos especialistas para mais informa\u00e7\u00f5es | BernAqua","og_description":"Se voc\u00ea est\u00e1 procurando suporte ao cliente, deseja resolver alguma situa\u00e7\u00e3o ou apenas solicitar mais informa\u00e7\u00f5es, voc\u00ea pode entrar em contato com nossos especialistas aqui mesmo.","og_url":"https:\/\/www.bernaqua.com\/br\/contact-our-experts\/","og_site_name":"Bern Aqua","article_publisher":"https:\/\/www.facebook.com\/Bernaqua.international","article_modified_time":"2021-10-07T14:06:30+00:00","og_image":[{"width":1200,"height":627,"url":"https:\/\/www.bernaqua.com\/wp-content\/uploads\/Picture2-1.jpg","type":"image\/jpeg"}],"twitter_card":"summary_large_image","twitter_misc":{"Est. tempo de leitura":"1 minuto"},"schema":{"@context":"https:\/\/schema.org","@graph":[{"@type":"WebPage","@id":"https:\/\/www.bernaqua.com\/br\/contact-our-experts\/","url":"https:\/\/www.bernaqua.com\/br\/contact-our-experts\/","name":"Contacte nossos especialistas para mais informa\u00e7\u00f5es | BernAqua","isPartOf":{"@id":"https:\/\/www.bernaqua.com\/#website"},"datePublished":"2016-07-21T12:50:19+00:00","dateModified":"2021-10-07T14:06:30+00:00","description":"Se voc\u00ea est\u00e1 procurando suporte ao cliente, deseja resolver alguma situa\u00e7\u00e3o ou apenas solicitar mais informa\u00e7\u00f5es, voc\u00ea pode entrar em contato com nossos especialistas aqui mesmo.","breadcrumb":{"@id":"https:\/\/www.bernaqua.com\/br\/contact-our-experts\/#breadcrumb"},"inLanguage":"pt-BR","potentialAction":[{"@type":"ReadAction","target":["https:\/\/www.bernaqua.com\/br\/contact-our-experts\/"]}]},{"@type":"BreadcrumbList","@id":"https:\/\/www.bernaqua.com\/br\/contact-our-experts\/#breadcrumb","itemListElement":[{"@type":"ListItem","position":1,"name":"Home","item":"https:\/\/www.bernaqua.com\/br\/"},{"@type":"ListItem","position":2,"name":"Contate-Nos"}]},{"@type":"WebSite","@id":"https:\/\/www.bernaqua.com\/#website","url":"https:\/\/www.bernaqua.com\/","name":"Bern Aqua","description":"Finest Hatchery Feeds","potentialAction":[{"@type":"SearchAction","target":{"@type":"EntryPoint","urlTemplate":"https:\/\/www.bernaqua.com\/?s={search_term_string}"},"query-input":{"@type":"PropertyValueSpecification","valueRequired":true,"valueName":"search_term_string"}}],"inLanguage":"pt-BR"}]}},"_links":{"self":[{"href":"https:\/\/www.bernaqua.com\/br\/wp-json\/wp\/v2\/pages\/16668","targetHints":{"allow":["GET"]}}],"collection":[{"href":"https:\/\/www.bernaqua.com\/br\/wp-json\/wp\/v2\/pages"}],"about":[{"href":"https:\/\/www.bernaqua.com\/br\/wp-json\/wp\/v2\/types\/page"}],"author":[{"embeddable":true,"href":"https:\/\/www.bernaqua.com\/br\/wp-json\/wp\/v2\/users\/4"}],"replies":[{"embeddable":true,"href":"https:\/\/www.bernaqua.com\/br\/wp-json\/wp\/v2\/comments?post=16668"}],"version-history":[{"count":5,"href":"https:\/\/www.bernaqua.com\/br\/wp-json\/wp\/v2\/pages\/16668\/revisions"}],"predecessor-version":[{"id":16810,"href":"https:\/\/www.bernaqua.com\/br\/wp-json\/wp\/v2\/pages\/16668\/revisions\/16810"}],"wp:attachment":[{"href":"https:\/\/www.bernaqua.com\/br\/wp-json\/wp\/v2\/media?parent=16668"}],"curies":[{"name":"wp","href":"https:\/\/api.w.org\/{rel}","templated":true}]}}